{"id":4904,"date":"2019-03-06T10:36:16","date_gmt":"2019-03-06T08:36:16","guid":{"rendered":"https:\/\/adgirona.cat\/adn-girona\/"},"modified":"2025-12-15T16:45:30","modified_gmt":"2025-12-15T14:45:30","slug":"abaula-girona","status":"publish","type":"page","link":"https:\/\/adgirona.cat\/es\/servicios\/abaula-girona\/","title":{"rendered":"ABAULA Girona"},"content":{"rendered":"<p>[vc_row full_width=\u00bbstretch_row_content_no_spaces\u00bb][vc_column]\n\t\t\t<!-- START ADNGirona REVOLUTION SLIDER 6.7.35 --><p class=\"rs-p-wp-fix\"><\/p>\n\t\t\t<rs-module-wrap id=\"rev_slider_7_1_wrapper\" data-source=\"gallery\" style=\"visibility:hidden;background:transparent;padding:0;margin:0px auto;margin-top:0;margin-bottom:0;\">\n\t\t\t\t<rs-module id=\"rev_slider_7_1\" style=\"\" data-version=\"6.7.35\">\n\t\t\t\t\t<rs-slides style=\"overflow: hidden; position: absolute;\">\n\t\t\t\t\t\t<rs-slide style=\"position: absolute;\" data-key=\"rs-17\" data-title=\"Slide\" data-anim=\"adpr:false;\">\n\t\t\t\t\t\t\t<img decoding=\"async\" src=\"\/\/adgirona.cat\/wp-content\/plugins\/revslider\/sr6\/assets\/assets\/dummy.png\" alt=\"\" title=\"ABAULA Girona\" class=\"rev-slidebg tp-rs-img rs-lazyload\" data-lazyload=\"\/\/adgirona.cat\/wp-content\/uploads\/2019\/03\/7.jpg\" data-no-retina>\n<!--\n\t\t\t\t\t\t\t--><rs-layer\n\t\t\t\t\t\t\t\tid=\"slider-7-slide-17-layer-1\" \n\t\t\t\t\t\t\t\tdata-type=\"text\"\n\t\t\t\t\t\t\t\tdata-color=\"#ffffff\"\n\t\t\t\t\t\t\t\tdata-rsp_ch=\"on\"\n\t\t\t\t\t\t\t\tdata-xy=\"x:524px;y:510px;\"\n\t\t\t\t\t\t\t\tdata-text=\"s:40;l:22;fw:700;a:inherit;\"\n\t\t\t\t\t\t\t\tdata-frame_0=\"tp:600;\"\n\t\t\t\t\t\t\t\tdata-frame_1=\"tp:600;st:0;\"\n\t\t\t\t\t\t\t\tdata-frame_999=\"o:0;tp:600;st:w;sR:8700;\"\n\t\t\t\t\t\t\t\tstyle=\"z-index:5;font-family:'Raleway';\"\n\t\t\t\t\t\t\t>ADN GIRONA \n\t\t\t\t\t\t\t<\/rs-layer><!--\n\n\t\t\t\t\t\t\t--><rs-layer\n\t\t\t\t\t\t\t\tid=\"slider-7-slide-17-layer-3\" \n\t\t\t\t\t\t\t\tdata-type=\"text\"\n\t\t\t\t\t\t\t\tdata-color=\"#ffffff\"\n\t\t\t\t\t\t\t\tdata-rsp_ch=\"on\"\n\t\t\t\t\t\t\t\tdata-xy=\"x:c;xo:7px;y:78px;\"\n\t\t\t\t\t\t\t\tdata-text=\"s:30;l:22;fw:700;a:inherit;\"\n\t\t\t\t\t\t\t\tdata-frame_0=\"tp:600;\"\n\t\t\t\t\t\t\t\tdata-frame_1=\"tp:600;st:0;\"\n\t\t\t\t\t\t\t\tdata-frame_999=\"o:0;tp:600;st:w;sR:8700;\"\n\t\t\t\t\t\t\t\tstyle=\"z-index:6;font-family:'Raleway';\"\n\t\t\t\t\t\t\t>ABAULA Girona \n\t\t\t\t\t\t\t<\/rs-layer><!--\n-->\t\t\t\t\t<\/rs-slide>\n\t\t\t\t\t<\/rs-slides>\n\t\t\t\t<\/rs-module>\n\t\t\t\t<script>\n\t\t\t\t\tsetREVStartSize({c: 'rev_slider_7_1',rl:[1240,1024,778,480],el:[],gw:[1903],gh:[175],type:'standard',justify:'',layout:'fullwidth',mh:\"0\"});if (window.RS_MODULES!==undefined && window.RS_MODULES.modules!==undefined && window.RS_MODULES.modules[\"revslider71\"]!==undefined) {window.RS_MODULES.modules[\"revslider71\"].once = false;window.revapi7 = undefined;if (window.RS_MODULES.checkMinimal!==undefined) window.RS_MODULES.checkMinimal()}\n\t\t\t\t<\/script>\n\t\t\t<\/rs-module-wrap>\n\t\t\t<!-- END REVOLUTION SLIDER -->\n[vc_empty_space height=\u00bb50px\u00bb el_class=\u00bbonly-desktop\u00bb][\/vc_column][\/vc_row][vc_row][vc_column width=\u00bb1\/3&#8243;][vc_raw_html el_class=\u00bbtextos\u00bb]JTVCd3BzZW9fYnJlYWRjcnVtYiU1RA==[\/vc_raw_html][vc_empty_space el_class=\u00bbonly-desktop\u00bb][vc_widget_sidebar title=\u00bbABAULA GIRONA\u00bb sidebar_id=\u00bbsidebar_servicios-sidebar\u00bb el_class=\u00bbginy only-desktop\u00bb][\/vc_column][vc_column width=\u00bb2\/3&#8243;][vc_column_text el_class=\u00bbtextos\u00bb]<\/p>\n<h2>ABAULA Girona<\/h2>\n<div class=\"oSioSc\">\n<div id=\"tw-target\">\n<div id=\"tw-target-text-container\" class=\"gsrt tw-ta-container tw-nfl\">\n<p id=\"tw-target-text\" class=\"tw-data-text tw-ta tw-text-small\" dir=\"ltr\" data-placeholder=\"Traducci\u00f3n\"><span lang=\"es\" tabindex=\"0\">ABAULA Girona es un centro de Intervenci\u00f3n especializado en Trastorno delEspectro Autista (TEA), Trastorno por D\u00e9ficit de Atenci\u00f3n y \/ o Hiperactividad (TDAH), Trastornos del Espectro Alcoh\u00f3lico Fetal (TEAF), integraci\u00f3n sensorial, trastornos del aprendizaje y del neurodesarrollo. Nuestros terapeutas le ofrecen un alto grado de formaci\u00f3n tanto t\u00e9cnica como acad\u00e9mica. Visita nuestra web donde encontrar\u00e1 recursos e informaci\u00f3n muy valiosa para estudiantes, profesionales y familiares.<\/span><\/p>\n<\/div>\n<\/div>\n<\/div>\n<p>[\/vc_column_text][vc_empty_space height=\u00bb20px\u00bb][vc_row_inner][vc_column_inner width=\u00bb1\/3&#8243;][vc_single_image image=\u00bb5488&#8243; onclick=\u00bbcustom_link\u00bb img_link_target=\u00bb_blank\u00bb link=\u00bbhttps:\/\/www.abaula.cat\/\u00bb][\/vc_column_inner][vc_column_inner width=\u00bb1\/3&#8243;][\/vc_column_inner][vc_column_inner width=\u00bb1\/3&#8243;][\/vc_column_inner][\/vc_row_inner][\/vc_column][\/vc_row]<\/p>\n","protected":false},"excerpt":{"rendered":"<p>[vc_row full_width=\u00bbstretch_row_content_no_spaces\u00bb][vc_column][vc_empty_space height=\u00bb50px\u00bb el_class=\u00bbonly-desktop\u00bb][\/vc_column][\/vc_row][vc_row][vc_column width=\u00bb1\/3&#8243;][vc_raw_html el_class=\u00bbtextos\u00bb]JTVCd3BzZW9fYnJlYWRjcnVtYiU1RA==[\/vc_raw_html][vc_empty_space el_class=\u00bbonly-desktop\u00bb][vc_widget_sidebar title=\u00bbABAULA GIRONA\u00bb sidebar_id=\u00bbsidebar_servicios-sidebar\u00bb el_class=\u00bbginy only-desktop\u00bb][\/vc_column][vc_column width=\u00bb2\/3&#8243;][vc_column_text el_class=\u00bbtextos\u00bb] ABAULA Girona ABAULA Girona es un centro de Intervenci\u00f3n especializado en Trastorno delEspectro Autista (TEA), Trastorno por D\u00e9ficit de Atenci\u00f3n y \/ o Hiperactividad (TDAH), Trastornos del Espectro Alcoh\u00f3lico Fetal (TEAF), integraci\u00f3n sensorial, trastornos del aprendizaje [&hellip;]<\/p>\n","protected":false},"author":2,"featured_media":0,"parent":4938,"menu_order":0,"comment_status":"closed","ping_status":"closed","template":"","meta":{"footnotes":""},"class_list":["post-4904","page","type-page","status-publish","hentry"],"yoast_head":"<!-- This site is optimized with the Yoast SEO plugin v27.4 - https:\/\/yoast.com\/product\/yoast-seo-wordpress\/ -->\n<title>ABAULA Girona - AD Iniciatives Socials<\/title>\n<meta name=\"robots\" content=\"index, follow, max-snippet:-1, max-image-preview:large, max-video-preview:-1\" \/>\n<link rel=\"canonical\" href=\"https:\/\/adgirona.cat\/es\/servicios\/abaula-girona\/\" \/>\n<meta property=\"og:locale\" content=\"es_ES\" \/>\n<meta property=\"og:type\" content=\"article\" \/>\n<meta property=\"og:title\" content=\"ABAULA Girona - AD Iniciatives Socials\" \/>\n<meta property=\"og:description\" content=\"[vc_row full_width=\u00bbstretch_row_content_no_spaces\u00bb][vc_column][vc_empty_space height=\u00bb50px\u00bb el_class=\u00bbonly-desktop\u00bb][\/vc_column][\/vc_row][vc_row][vc_column width=\u00bb1\/3&#8243;][vc_raw_html el_class=\u00bbtextos\u00bb]JTVCd3BzZW9fYnJlYWRjcnVtYiU1RA==[\/vc_raw_html][vc_empty_space el_class=\u00bbonly-desktop\u00bb][vc_widget_sidebar title=\u00bbABAULA GIRONA\u00bb sidebar_id=\u00bbsidebar_servicios-sidebar\u00bb el_class=\u00bbginy only-desktop\u00bb][\/vc_column][vc_column width=\u00bb2\/3&#8243;][vc_column_text el_class=\u00bbtextos\u00bb] ABAULA Girona ABAULA Girona es un centro de Intervenci\u00f3n especializado en Trastorno delEspectro Autista (TEA), Trastorno por D\u00e9ficit de Atenci\u00f3n y \/ o Hiperactividad (TDAH), Trastornos del Espectro Alcoh\u00f3lico Fetal (TEAF), integraci\u00f3n sensorial, trastornos del aprendizaje [&hellip;]\" \/>\n<meta property=\"og:url\" content=\"https:\/\/adgirona.cat\/es\/servicios\/abaula-girona\/\" \/>\n<meta property=\"og:site_name\" content=\"AD Iniciatives Socials\" \/>\n<meta property=\"article:modified_time\" content=\"2025-12-15T14:45:30+00:00\" \/>\n<meta name=\"twitter:card\" content=\"summary_large_image\" \/>\n<meta name=\"twitter:label1\" content=\"Tiempo de lectura\" \/>\n\t<meta name=\"twitter:data1\" content=\"1 minuto\" \/>\n<script type=\"application\/ld+json\" class=\"yoast-schema-graph\">{\"@context\":\"https:\\\/\\\/schema.org\",\"@graph\":[{\"@type\":\"WebPage\",\"@id\":\"https:\\\/\\\/adgirona.cat\\\/es\\\/servicios\\\/abaula-girona\\\/\",\"url\":\"https:\\\/\\\/adgirona.cat\\\/es\\\/servicios\\\/abaula-girona\\\/\",\"name\":\"ABAULA Girona - AD Iniciatives Socials\",\"isPartOf\":{\"@id\":\"https:\\\/\\\/adgirona.cat\\\/#website\"},\"datePublished\":\"2019-03-06T08:36:16+00:00\",\"dateModified\":\"2025-12-15T14:45:30+00:00\",\"breadcrumb\":{\"@id\":\"https:\\\/\\\/adgirona.cat\\\/es\\\/servicios\\\/abaula-girona\\\/#breadcrumb\"},\"inLanguage\":\"es\",\"potentialAction\":[{\"@type\":\"ReadAction\",\"target\":[\"https:\\\/\\\/adgirona.cat\\\/es\\\/servicios\\\/abaula-girona\\\/\"]}]},{\"@type\":\"BreadcrumbList\",\"@id\":\"https:\\\/\\\/adgirona.cat\\\/es\\\/servicios\\\/abaula-girona\\\/#breadcrumb\",\"itemListElement\":[{\"@type\":\"ListItem\",\"position\":1,\"name\":\"IniciInicio\",\"item\":\"https:\\\/\\\/adgirona.cat\\\/es\\\/\"},{\"@type\":\"ListItem\",\"position\":2,\"name\":\"Servicios\",\"item\":\"https:\\\/\\\/adgirona.cat\\\/es\\\/servicios\\\/\"},{\"@type\":\"ListItem\",\"position\":3,\"name\":\"ABAULA Girona\"}]},{\"@type\":\"WebSite\",\"@id\":\"https:\\\/\\\/adgirona.cat\\\/#website\",\"url\":\"https:\\\/\\\/adgirona.cat\\\/\",\"name\":\"AD Iniciatives Socials\",\"description\":\"\",\"potentialAction\":[{\"@type\":\"SearchAction\",\"target\":{\"@type\":\"EntryPoint\",\"urlTemplate\":\"https:\\\/\\\/adgirona.cat\\\/?s={search_term_string}\"},\"query-input\":{\"@type\":\"PropertyValueSpecification\",\"valueRequired\":true,\"valueName\":\"search_term_string\"}}],\"inLanguage\":\"es\"}]}<\/script>\n<!-- \/ Yoast SEO plugin. -->","yoast_head_json":{"title":"ABAULA Girona - AD Iniciatives Socials","robots":{"index":"index","follow":"follow","max-snippet":"max-snippet:-1","max-image-preview":"max-image-preview:large","max-video-preview":"max-video-preview:-1"},"canonical":"https:\/\/adgirona.cat\/es\/servicios\/abaula-girona\/","og_locale":"es_ES","og_type":"article","og_title":"ABAULA Girona - AD Iniciatives Socials","og_description":"[vc_row full_width=\u00bbstretch_row_content_no_spaces\u00bb][vc_column][vc_empty_space height=\u00bb50px\u00bb el_class=\u00bbonly-desktop\u00bb][\/vc_column][\/vc_row][vc_row][vc_column width=\u00bb1\/3&#8243;][vc_raw_html el_class=\u00bbtextos\u00bb]JTVCd3BzZW9fYnJlYWRjcnVtYiU1RA==[\/vc_raw_html][vc_empty_space el_class=\u00bbonly-desktop\u00bb][vc_widget_sidebar title=\u00bbABAULA GIRONA\u00bb sidebar_id=\u00bbsidebar_servicios-sidebar\u00bb el_class=\u00bbginy only-desktop\u00bb][\/vc_column][vc_column width=\u00bb2\/3&#8243;][vc_column_text el_class=\u00bbtextos\u00bb] ABAULA Girona ABAULA Girona es un centro de Intervenci\u00f3n especializado en Trastorno delEspectro Autista (TEA), Trastorno por D\u00e9ficit de Atenci\u00f3n y \/ o Hiperactividad (TDAH), Trastornos del Espectro Alcoh\u00f3lico Fetal (TEAF), integraci\u00f3n sensorial, trastornos del aprendizaje [&hellip;]","og_url":"https:\/\/adgirona.cat\/es\/servicios\/abaula-girona\/","og_site_name":"AD Iniciatives Socials","article_modified_time":"2025-12-15T14:45:30+00:00","twitter_card":"summary_large_image","twitter_misc":{"Tiempo de lectura":"1 minuto"},"schema":{"@context":"https:\/\/schema.org","@graph":[{"@type":"WebPage","@id":"https:\/\/adgirona.cat\/es\/servicios\/abaula-girona\/","url":"https:\/\/adgirona.cat\/es\/servicios\/abaula-girona\/","name":"ABAULA Girona - AD Iniciatives Socials","isPartOf":{"@id":"https:\/\/adgirona.cat\/#website"},"datePublished":"2019-03-06T08:36:16+00:00","dateModified":"2025-12-15T14:45:30+00:00","breadcrumb":{"@id":"https:\/\/adgirona.cat\/es\/servicios\/abaula-girona\/#breadcrumb"},"inLanguage":"es","potentialAction":[{"@type":"ReadAction","target":["https:\/\/adgirona.cat\/es\/servicios\/abaula-girona\/"]}]},{"@type":"BreadcrumbList","@id":"https:\/\/adgirona.cat\/es\/servicios\/abaula-girona\/#breadcrumb","itemListElement":[{"@type":"ListItem","position":1,"name":"IniciInicio","item":"https:\/\/adgirona.cat\/es\/"},{"@type":"ListItem","position":2,"name":"Servicios","item":"https:\/\/adgirona.cat\/es\/servicios\/"},{"@type":"ListItem","position":3,"name":"ABAULA Girona"}]},{"@type":"WebSite","@id":"https:\/\/adgirona.cat\/#website","url":"https:\/\/adgirona.cat\/","name":"AD Iniciatives Socials","description":"","potentialAction":[{"@type":"SearchAction","target":{"@type":"EntryPoint","urlTemplate":"https:\/\/adgirona.cat\/?s={search_term_string}"},"query-input":{"@type":"PropertyValueSpecification","valueRequired":true,"valueName":"search_term_string"}}],"inLanguage":"es"}]}},"_links":{"self":[{"href":"https:\/\/adgirona.cat\/es\/wp-json\/wp\/v2\/pages\/4904","targetHints":{"allow":["GET"]}}],"collection":[{"href":"https:\/\/adgirona.cat\/es\/wp-json\/wp\/v2\/pages"}],"about":[{"href":"https:\/\/adgirona.cat\/es\/wp-json\/wp\/v2\/types\/page"}],"author":[{"embeddable":true,"href":"https:\/\/adgirona.cat\/es\/wp-json\/wp\/v2\/users\/2"}],"replies":[{"embeddable":true,"href":"https:\/\/adgirona.cat\/es\/wp-json\/wp\/v2\/comments?post=4904"}],"version-history":[{"count":17,"href":"https:\/\/adgirona.cat\/es\/wp-json\/wp\/v2\/pages\/4904\/revisions"}],"predecessor-version":[{"id":5838,"href":"https:\/\/adgirona.cat\/es\/wp-json\/wp\/v2\/pages\/4904\/revisions\/5838"}],"up":[{"embeddable":true,"href":"https:\/\/adgirona.cat\/es\/wp-json\/wp\/v2\/pages\/4938"}],"wp:attachment":[{"href":"https:\/\/adgirona.cat\/es\/wp-json\/wp\/v2\/media?parent=4904"}],"curies":[{"name":"wp","href":"https:\/\/api.w.org\/{rel}","templated":true}]}}