{"id":5068,"date":"2019-03-21T11:54:20","date_gmt":"2019-03-21T09:54:20","guid":{"rendered":"https:\/\/adgirona.cat\/vols-treballar-amb-nosaltres\/"},"modified":"2019-03-25T11:04:17","modified_gmt":"2019-03-25T09:04:17","slug":"quieres-trabajar-con-nosotros","status":"publish","type":"page","link":"https:\/\/adgirona.cat\/es\/quieres-trabajar-con-nosotros\/","title":{"rendered":"Quieres trabajar con nosotros"},"content":{"rendered":"<p>[vc_row full_width=\u00bbstretch_row_content_no_spaces\u00bb][vc_column]\n\t\t\t<!-- START quierestrabajarconnosotros REVOLUTION SLIDER 6.7.35 --><p class=\"rs-p-wp-fix\"><\/p>\n\t\t\t<rs-module-wrap id=\"rev_slider_31_1_wrapper\" data-source=\"gallery\" style=\"visibility:hidden;background:transparent;padding:0;margin:0px auto;margin-top:0;margin-bottom:0;\">\n\t\t\t\t<rs-module id=\"rev_slider_31_1\" style=\"\" data-version=\"6.7.35\">\n\t\t\t\t\t<rs-slides style=\"overflow: hidden; position: absolute;\">\n\t\t\t\t\t\t<rs-slide style=\"position: absolute;\" data-key=\"rs-45\" data-title=\"Slide\" data-anim=\"adpr:false;\">\n\t\t\t\t\t\t\t<img decoding=\"async\" src=\"\/\/adgirona.cat\/wp-content\/plugins\/revslider\/sr6\/assets\/assets\/dummy.png\" alt=\"\" width=\"1920\" height=\"1080\" class=\"rev-slidebg tp-rs-img rs-lazyload\" data-lazyload=\"\/\/adgirona.cat\/wp-content\/plugins\/revslider\/sr6\/assets\/assets\/transparent.png\" data-no-retina>\n<!--\n\t\t\t\t\t\t\t--><rs-layer\n\t\t\t\t\t\t\t\tid=\"slider-31-slide-45-layer-2\" \n\t\t\t\t\t\t\t\tdata-type=\"image\"\n\t\t\t\t\t\t\t\tdata-rsp_ch=\"on\"\n\t\t\t\t\t\t\t\tdata-xy=\"x:-2px;y:-184px;\"\n\t\t\t\t\t\t\t\tdata-text=\"l:22;a:inherit;\"\n\t\t\t\t\t\t\t\tdata-dim=\"w:100%;h:100%;\"\n\t\t\t\t\t\t\t\tdata-frame_0=\"tp:600;\"\n\t\t\t\t\t\t\t\tdata-frame_1=\"tp:600;sR:10;\"\n\t\t\t\t\t\t\t\tdata-frame_999=\"o:0;tp:600;st:w;sR:8690;\"\n\t\t\t\t\t\t\t\tstyle=\"z-index:5;\"\n\t\t\t\t\t\t\t><img decoding=\"async\" src=\"\/\/adgirona.cat\/wp-content\/plugins\/revslider\/sr6\/assets\/assets\/dummy.png\" alt=\"\" class=\"tp-rs-img rs-lazyload\" width=\"1469\" height=\"427\" data-lazyload=\"\/\/adgirona.cat\/wp-content\/uploads\/2019\/03\/quisom.jpg\" data-c=\"cover-proportional\" data-no-retina> \n\t\t\t\t\t\t\t<\/rs-layer><!--\n\n\t\t\t\t\t\t\t--><rs-layer\n\t\t\t\t\t\t\t\tid=\"slider-31-slide-45-layer-3\" \n\t\t\t\t\t\t\t\tdata-type=\"text\"\n\t\t\t\t\t\t\t\tdata-color=\"#ffffff\"\n\t\t\t\t\t\t\t\tdata-rsp_ch=\"on\"\n\t\t\t\t\t\t\t\tdata-xy=\"x:c;xo:-58px;y:86px;\"\n\t\t\t\t\t\t\t\tdata-text=\"s:30;l:22;fw:700;a:inherit;\"\n\t\t\t\t\t\t\t\tdata-frame_0=\"tp:600;\"\n\t\t\t\t\t\t\t\tdata-frame_1=\"tp:600;sR:10;\"\n\t\t\t\t\t\t\t\tdata-frame_999=\"o:0;tp:600;st:w;sR:8690;\"\n\t\t\t\t\t\t\t\tstyle=\"z-index:6;font-family:'Raleway';\"\n\t\t\t\t\t\t\t>\u00bfQuieres trabajar con nosotros? \n\t\t\t\t\t\t\t<\/rs-layer><!--\n-->\t\t\t\t\t<\/rs-slide>\n\t\t\t\t\t<\/rs-slides>\n\t\t\t\t<\/rs-module>\n\t\t\t\t<script>\n\t\t\t\t\tsetREVStartSize({c: 'rev_slider_31_1',rl:[1240,1024,778,480],el:[],gw:[1903],gh:[175],type:'standard',justify:'',layout:'fullwidth',mh:\"0\"});if (window.RS_MODULES!==undefined && window.RS_MODULES.modules!==undefined && window.RS_MODULES.modules[\"revslider311\"]!==undefined) {window.RS_MODULES.modules[\"revslider311\"].once = false;window.revapi31 = undefined;if (window.RS_MODULES.checkMinimal!==undefined) window.RS_MODULES.checkMinimal()}\n\t\t\t\t<\/script>\n\t\t\t<\/rs-module-wrap>\n\t\t\t<!-- END REVOLUTION SLIDER -->\n[vc_empty_space height=\u00bb100px\u00bb][\/vc_column][\/vc_row][vc_row][vc_column][vc_column_text el_class=\u00bbtextos\u00bb]Tanto si lo que quieres es colaborar como si lo que deseas es trabajar, no dudes en contactar con nosotros. Tanto si lo que quieres es aportar tu granito de arena para que el AD Iniciativas Sociales vaya creciendo d\u00eda a d\u00eda, como lo ha hecho hasta ahora, como si lo que quieres es entrar a trabajar en un centro moderno e innovador en expansi\u00f3n, env\u00eda tu propuesta de colaboraci\u00f3n ao tu curr\u00edculum a administracio@adgirona.org.[\/vc_column_text][\/vc_column][\/vc_row]<\/p>\n","protected":false},"excerpt":{"rendered":"<p>[vc_row full_width=\u00bbstretch_row_content_no_spaces\u00bb][vc_column][vc_empty_space height=\u00bb100px\u00bb][\/vc_column][\/vc_row][vc_row][vc_column][vc_column_text el_class=\u00bbtextos\u00bb]Tanto si lo que quieres es colaborar como si lo que deseas es trabajar, no dudes en contactar con nosotros. Tanto si lo que quieres es aportar tu granito de arena para que el AD Iniciativas Sociales vaya creciendo d\u00eda a d\u00eda, como lo ha hecho hasta [&hellip;]<\/p>\n","protected":false},"author":2,"featured_media":0,"parent":0,"menu_order":0,"comment_status":"closed","ping_status":"closed","template":"","meta":{"footnotes":""},"class_list":["post-5068","page","type-page","status-publish","hentry"],"yoast_head":"<!-- This site is optimized with the Yoast SEO plugin v27.5 - https:\/\/yoast.com\/product\/yoast-seo-wordpress\/ -->\n<title>Quieres trabajar con nosotros - AD Iniciatives Socials<\/title>\n<meta name=\"robots\" content=\"index, follow, max-snippet:-1, max-image-preview:large, max-video-preview:-1\" \/>\n<link rel=\"canonical\" href=\"https:\/\/adgirona.cat\/es\/quieres-trabajar-con-nosotros\/\" \/>\n<meta property=\"og:locale\" content=\"es_ES\" \/>\n<meta property=\"og:type\" content=\"article\" \/>\n<meta property=\"og:title\" content=\"Quieres trabajar con nosotros - AD Iniciatives Socials\" \/>\n<meta property=\"og:description\" content=\"[vc_row full_width=\u00bbstretch_row_content_no_spaces\u00bb][vc_column][vc_empty_space height=\u00bb100px\u00bb][\/vc_column][\/vc_row][vc_row][vc_column][vc_column_text el_class=\u00bbtextos\u00bb]Tanto si lo que quieres es colaborar como si lo que deseas es trabajar, no dudes en contactar con nosotros. Tanto si lo que quieres es aportar tu granito de arena para que el AD Iniciativas Sociales vaya creciendo d\u00eda a d\u00eda, como lo ha hecho hasta [&hellip;]\" \/>\n<meta property=\"og:url\" content=\"https:\/\/adgirona.cat\/es\/quieres-trabajar-con-nosotros\/\" \/>\n<meta property=\"og:site_name\" content=\"AD Iniciatives Socials\" \/>\n<meta property=\"article:modified_time\" content=\"2019-03-25T09:04:17+00:00\" \/>\n<meta name=\"twitter:card\" content=\"summary_large_image\" \/>\n<meta name=\"twitter:label1\" content=\"Tiempo de lectura\" \/>\n\t<meta name=\"twitter:data1\" content=\"1 minuto\" \/>\n<script type=\"application\/ld+json\" class=\"yoast-schema-graph\">{\"@context\":\"https:\\\/\\\/schema.org\",\"@graph\":[{\"@type\":\"WebPage\",\"@id\":\"https:\\\/\\\/adgirona.cat\\\/es\\\/quieres-trabajar-con-nosotros\\\/\",\"url\":\"https:\\\/\\\/adgirona.cat\\\/es\\\/quieres-trabajar-con-nosotros\\\/\",\"name\":\"Quieres trabajar con nosotros - AD Iniciatives Socials\",\"isPartOf\":{\"@id\":\"https:\\\/\\\/adgirona.cat\\\/#website\"},\"datePublished\":\"2019-03-21T09:54:20+00:00\",\"dateModified\":\"2019-03-25T09:04:17+00:00\",\"breadcrumb\":{\"@id\":\"https:\\\/\\\/adgirona.cat\\\/es\\\/quieres-trabajar-con-nosotros\\\/#breadcrumb\"},\"inLanguage\":\"es\",\"potentialAction\":[{\"@type\":\"ReadAction\",\"target\":[\"https:\\\/\\\/adgirona.cat\\\/es\\\/quieres-trabajar-con-nosotros\\\/\"]}]},{\"@type\":\"BreadcrumbList\",\"@id\":\"https:\\\/\\\/adgirona.cat\\\/es\\\/quieres-trabajar-con-nosotros\\\/#breadcrumb\",\"itemListElement\":[{\"@type\":\"ListItem\",\"position\":1,\"name\":\"IniciInicio\",\"item\":\"https:\\\/\\\/adgirona.cat\\\/es\\\/\"},{\"@type\":\"ListItem\",\"position\":2,\"name\":\"Quieres trabajar con nosotros\"}]},{\"@type\":\"WebSite\",\"@id\":\"https:\\\/\\\/adgirona.cat\\\/#website\",\"url\":\"https:\\\/\\\/adgirona.cat\\\/\",\"name\":\"AD Iniciatives Socials\",\"description\":\"\",\"potentialAction\":[{\"@type\":\"SearchAction\",\"target\":{\"@type\":\"EntryPoint\",\"urlTemplate\":\"https:\\\/\\\/adgirona.cat\\\/?s={search_term_string}\"},\"query-input\":{\"@type\":\"PropertyValueSpecification\",\"valueRequired\":true,\"valueName\":\"search_term_string\"}}],\"inLanguage\":\"es\"}]}<\/script>\n<!-- \/ Yoast SEO plugin. -->","yoast_head_json":{"title":"Quieres trabajar con nosotros - AD Iniciatives Socials","robots":{"index":"index","follow":"follow","max-snippet":"max-snippet:-1","max-image-preview":"max-image-preview:large","max-video-preview":"max-video-preview:-1"},"canonical":"https:\/\/adgirona.cat\/es\/quieres-trabajar-con-nosotros\/","og_locale":"es_ES","og_type":"article","og_title":"Quieres trabajar con nosotros - AD Iniciatives Socials","og_description":"[vc_row full_width=\u00bbstretch_row_content_no_spaces\u00bb][vc_column][vc_empty_space height=\u00bb100px\u00bb][\/vc_column][\/vc_row][vc_row][vc_column][vc_column_text el_class=\u00bbtextos\u00bb]Tanto si lo que quieres es colaborar como si lo que deseas es trabajar, no dudes en contactar con nosotros. Tanto si lo que quieres es aportar tu granito de arena para que el AD Iniciativas Sociales vaya creciendo d\u00eda a d\u00eda, como lo ha hecho hasta [&hellip;]","og_url":"https:\/\/adgirona.cat\/es\/quieres-trabajar-con-nosotros\/","og_site_name":"AD Iniciatives Socials","article_modified_time":"2019-03-25T09:04:17+00:00","twitter_card":"summary_large_image","twitter_misc":{"Tiempo de lectura":"1 minuto"},"schema":{"@context":"https:\/\/schema.org","@graph":[{"@type":"WebPage","@id":"https:\/\/adgirona.cat\/es\/quieres-trabajar-con-nosotros\/","url":"https:\/\/adgirona.cat\/es\/quieres-trabajar-con-nosotros\/","name":"Quieres trabajar con nosotros - AD Iniciatives Socials","isPartOf":{"@id":"https:\/\/adgirona.cat\/#website"},"datePublished":"2019-03-21T09:54:20+00:00","dateModified":"2019-03-25T09:04:17+00:00","breadcrumb":{"@id":"https:\/\/adgirona.cat\/es\/quieres-trabajar-con-nosotros\/#breadcrumb"},"inLanguage":"es","potentialAction":[{"@type":"ReadAction","target":["https:\/\/adgirona.cat\/es\/quieres-trabajar-con-nosotros\/"]}]},{"@type":"BreadcrumbList","@id":"https:\/\/adgirona.cat\/es\/quieres-trabajar-con-nosotros\/#breadcrumb","itemListElement":[{"@type":"ListItem","position":1,"name":"IniciInicio","item":"https:\/\/adgirona.cat\/es\/"},{"@type":"ListItem","position":2,"name":"Quieres trabajar con nosotros"}]},{"@type":"WebSite","@id":"https:\/\/adgirona.cat\/#website","url":"https:\/\/adgirona.cat\/","name":"AD Iniciatives Socials","description":"","potentialAction":[{"@type":"SearchAction","target":{"@type":"EntryPoint","urlTemplate":"https:\/\/adgirona.cat\/?s={search_term_string}"},"query-input":{"@type":"PropertyValueSpecification","valueRequired":true,"valueName":"search_term_string"}}],"inLanguage":"es"}]}},"_links":{"self":[{"href":"https:\/\/adgirona.cat\/es\/wp-json\/wp\/v2\/pages\/5068","targetHints":{"allow":["GET"]}}],"collection":[{"href":"https:\/\/adgirona.cat\/es\/wp-json\/wp\/v2\/pages"}],"about":[{"href":"https:\/\/adgirona.cat\/es\/wp-json\/wp\/v2\/types\/page"}],"author":[{"embeddable":true,"href":"https:\/\/adgirona.cat\/es\/wp-json\/wp\/v2\/users\/2"}],"replies":[{"embeddable":true,"href":"https:\/\/adgirona.cat\/es\/wp-json\/wp\/v2\/comments?post=5068"}],"version-history":[{"count":2,"href":"https:\/\/adgirona.cat\/es\/wp-json\/wp\/v2\/pages\/5068\/revisions"}],"predecessor-version":[{"id":5070,"href":"https:\/\/adgirona.cat\/es\/wp-json\/wp\/v2\/pages\/5068\/revisions\/5070"}],"wp:attachment":[{"href":"https:\/\/adgirona.cat\/es\/wp-json\/wp\/v2\/media?parent=5068"}],"curies":[{"name":"wp","href":"https:\/\/api.w.org\/{rel}","templated":true}]}}